{"id":562,"date":"2018-08-22T07:56:22","date_gmt":"2018-08-22T05:56:22","guid":{"rendered":"https:\/\/www.colorfly.eu\/?page_id=562"},"modified":"2023-09-19T16:43:52","modified_gmt":"2023-09-19T14:43:52","slug":"impressum","status":"publish","type":"page","link":"https:\/\/www.colorfly.eu\/de\/impressum\/","title":{"rendered":"Impressum"},"content":{"rendered":"<div id='full_slider_1'  class='avia-fullwidth-slider main_color avia-shadow   avia-builder-el-0  el_before_av_section  avia-builder-el-first   container_wrap sidebar_right'  ><div  class='avia-slideshow av-lmqfc7cx-96343aeadc6f89371d7d2db6121367b7 avia-slideshow-no scaling av_slideshow_full avia-slide-slider av-slideshow-ui av-control-default av-slideshow-manual av-loop-once av-loop-manual-endless av-default-height-applied   avia-slideshow-1' data-slideshow-options=\"{&quot;animation&quot;:&quot;slide&quot;,&quot;autoplay&quot;:false,&quot;loop_autoplay&quot;:&quot;once&quot;,&quot;interval&quot;:5,&quot;loop_manual&quot;:&quot;manual-endless&quot;,&quot;autoplay_stopper&quot;:false,&quot;noNavigation&quot;:false,&quot;bg_slider&quot;:false,&quot;keep_padding&quot;:false,&quot;hoverpause&quot;:false,&quot;show_slide_delay&quot;:0}\"  itemprop=\"image\" itemscope=\"itemscope\" itemtype=\"https:\/\/schema.org\/ImageObject\" ><ul class='avia-slideshow-inner ' style='padding-bottom: 23.4375%;'><li  class='avia-slideshow-slide av-lmqfc7cx-96343aeadc6f89371d7d2db6121367b7__0  av-single-slide slide-1 slide-odd'><div data-rel='slideshow-1' class='avia-slide-wrap '   ><img decoding=\"async\" class=\"wp-image-548 avia-img-lazy-loading-not-548\"  src=\"https:\/\/www.colorfly.eu\/wp-content\/uploads\/2018\/08\/140484200.jpg\" width=\"1920\" height=\"450\" title='140484200' alt=''  itemprop=\"thumbnailUrl\"  style='min-height:120px; min-width:512px; ' srcset=\"https:\/\/www.colorfly.eu\/wp-content\/uploads\/2018\/08\/140484200.jpg 1920w, https:\/\/www.colorfly.eu\/wp-content\/uploads\/2018\/08\/140484200-300x70.jpg 300w, https:\/\/www.colorfly.eu\/wp-content\/uploads\/2018\/08\/140484200-768x180.jpg 768w, https:\/\/www.colorfly.eu\/wp-content\/uploads\/2018\/08\/140484200-1030x241.jpg 1030w, https:\/\/www.colorfly.eu\/wp-content\/uploads\/2018\/08\/140484200-1500x352.jpg 1500w, https:\/\/www.colorfly.eu\/wp-content\/uploads\/2018\/08\/140484200-705x165.jpg 705w, https:\/\/www.colorfly.eu\/wp-content\/uploads\/2018\/08\/140484200-450x105.jpg 450w\" sizes=\"(max-width: 1920px) 100vw, 1920px\" \/><\/div><\/li><\/ul><\/div><\/div>\n<div id='av_section_1'  class='avia-section av-1p4bt-ef564ec796d0c3084b028d5b6c44fd8a main_color avia-section-default avia-no-border-styling  avia-builder-el-1  el_after_av_slideshow_full  avia-builder-el-last  avia-bg-style-scroll container_wrap sidebar_right'  ><div class='container av-section-cont-open' ><div class='template-page content  av-content-small alpha units'><div class='post-entry post-entry-type-page post-entry-562'><div class='entry-content-wrapper clearfix'>\n\n<style type=\"text\/css\" data-created_by=\"avia_inline_auto\" id=\"style-css-av-8ngmi-772a05b7f9ea8957dd1872cf761cf84d\">\n#top .av-special-heading.av-8ngmi-772a05b7f9ea8957dd1872cf761cf84d{\npadding-bottom:10px;\n}\nbody .av-special-heading.av-8ngmi-772a05b7f9ea8957dd1872cf761cf84d .av-special-heading-tag .heading-char{\nfont-size:25px;\n}\n.av-special-heading.av-8ngmi-772a05b7f9ea8957dd1872cf761cf84d .av-subheading{\nfont-size:15px;\n}\n<\/style>\n<div  class='av-special-heading av-8ngmi-772a05b7f9ea8957dd1872cf761cf84d av-special-heading-h1 blockquote modern-quote  avia-builder-el-2  el_before_av_one_full  avia-builder-el-first '><h1 class='av-special-heading-tag'  itemprop=\"headline\"  >Impressum<\/h1><div class=\"special-heading-border\"><div class=\"special-heading-inner-border\"><\/div><\/div><\/div>\n\n<style type=\"text\/css\" data-created_by=\"avia_inline_auto\" id=\"style-css-av-vwv1-9118c9ae5ee93a682ac8858835db4de0\">\n.flex_column.av-vwv1-9118c9ae5ee93a682ac8858835db4de0{\nborder-radius:0px 0px 0px 0px;\npadding:0px 0px 0px 0px;\n}\n<\/style>\n<div  class='flex_column av-vwv1-9118c9ae5ee93a682ac8858835db4de0 av_one_full  avia-builder-el-3  el_after_av_heading  avia-builder-el-last  first flex_column_div av-zero-column-padding  '     ><section  class='av_textblock_section av-jksddmhb-ef37cbc74906937de83fb7c141a897aa '   itemscope=\"itemscope\" itemtype=\"https:\/\/schema.org\/CreativeWork\" ><div class='avia_textblock'  itemprop=\"text\" ><p><strong>Shenzhen Xueyushi Technology LTD.<\/strong><br \/>\n<strong>a member of Colorful GRP<\/strong><\/p>\n<p><strong>Responsible for content of<\/strong><br \/>\nwww.colorful-europe.de and www.colorfly.eu in context of press legislation and to TMG:<\/p>\n<p><strong>Verantwortlich f\u00fcr den Inhalt von<\/strong><br \/>\nwww.colorful-europe.de und www.colorfly.eu<br \/>\nim Zusammenhang mit der Pressegesetzgebung und des TMG:<\/p>\n<p>Shenzhen Xueyushi Technology LTD.<\/p>\n<p><strong>Website owner \/ Website Inhaber:<\/strong><br \/>\nShenzhen Xueyushi Technology LTD.<br \/>\nwhose registered office is situate at No1209, Central Business Building, Futian Road, Futian District, Shenzhen, China<\/p>\n<p><strong>register number:<\/strong><br \/>\n914403003427559482<\/p>\n<p>Phone \/ Tel.: +86-755-8302-1025<\/p>\n<p>E-mail: xueyushi@colorful.com.cn<\/p>\n<p><strong>Liability note:<br \/>\n<\/strong>Despite careful control as regards content we do not assume any liabelity for the contents of external links the operators are exclusively responsible for the contents of interlinked sides. Should you have a complaint about service please use the contact form at the header of this web page.<\/p>\n<p>Trotz sorgf\u00e4ltiger inhaltlicher Kontrolle \u00fcbernehmen wir keine Haftung f\u00fcr die Inhalte externer Links. F\u00fcr den Inhalt der verlinkten Seiten sind ausschlie\u00dflich deren Betreiber verantwortlich. Sollten Sie eine Beschwerde \u00fcber den Service haben, benutzen Sie bitte das Kontaktformular in der Kopfzeile dieser Webseite.<\/p>\n<p><strong>Website<\/strong><br \/>\nby <a href=\"https:\/\/www.webdesignhamburg.de\" target=\"_blank\" rel=\"noopener\">www.webdesignhamburg.de<\/a><\/p>\n<\/div><\/section><\/div>\n<\/div><\/div><\/div><!-- close content main div --><\/div><\/div><div id='after_section_1'  class='main_color av_default_container_wrap container_wrap sidebar_right'  ><div class='container av-section-cont-open' ><div class='template-page content  av-content-small alpha units'><div class='post-entry post-entry-type-page post-entry-562'><div class='entry-content-wrapper clearfix'>\n","protected":false},"excerpt":{"rendered":"","protected":false},"author":1,"featured_media":0,"parent":0,"menu_order":0,"comment_status":"closed","ping_status":"closed","template":"","meta":{"footnotes":""},"class_list":["post-562","page","type-page","status-publish","hentry"],"aioseo_notices":[],"_links":{"self":[{"href":"https:\/\/www.colorfly.eu\/de\/wp-json\/wp\/v2\/pages\/562","targetHints":{"allow":["GET"]}}],"collection":[{"href":"https:\/\/www.colorfly.eu\/de\/wp-json\/wp\/v2\/pages"}],"about":[{"href":"https:\/\/www.colorfly.eu\/de\/wp-json\/wp\/v2\/types\/page"}],"author":[{"embeddable":true,"href":"https:\/\/www.colorfly.eu\/de\/wp-json\/wp\/v2\/users\/1"}],"replies":[{"embeddable":true,"href":"https:\/\/www.colorfly.eu\/de\/wp-json\/wp\/v2\/comments?post=562"}],"version-history":[{"count":7,"href":"https:\/\/www.colorfly.eu\/de\/wp-json\/wp\/v2\/pages\/562\/revisions"}],"predecessor-version":[{"id":3196,"href":"https:\/\/www.colorfly.eu\/de\/wp-json\/wp\/v2\/pages\/562\/revisions\/3196"}],"wp:attachment":[{"href":"https:\/\/www.colorfly.eu\/de\/wp-json\/wp\/v2\/media?parent=562"}],"curies":[{"name":"wp","href":"https:\/\/api.w.org\/{rel}","templated":true}]}}