{"id":541,"date":"2018-08-22T07:51:05","date_gmt":"2018-08-22T05:51:05","guid":{"rendered":"https:\/\/www.colorfly.eu\/?page_id=541"},"modified":"2018-12-03T16:48:18","modified_gmt":"2018-12-03T15:48:18","slug":"ueber-colorful-technology","status":"publish","type":"page","link":"https:\/\/www.colorfly.eu\/de\/ueber-colorful-technology\/","title":{"rendered":"\u00dcber uns"},"content":{"rendered":"<div id='av_section_1'  class='avia-section av-25m79-3e369dca3f81e7ff4721a1d154b79913 main_color avia-section-default avia-no-border-styling  avia-builder-el-0  el_before_av_textblock  avia-builder-el-first  avia-bg-style-scroll container_wrap sidebar_right'  ><div class='container av-section-cont-open' ><main  role=\"main\" itemprop=\"mainContentOfPage\"  class='template-page content  av-content-small alpha units'><div class='post-entry post-entry-type-page post-entry-541'><div class='entry-content-wrapper clearfix'>\n\n<style type=\"text\/css\" data-created_by=\"avia_inline_auto\" id=\"style-css-av-av_heading-00d153ad4b3e17f84d803ca81a7c4d2f\">\n#top .av-special-heading.av-av_heading-00d153ad4b3e17f84d803ca81a7c4d2f{\npadding-bottom:10px;\n}\nbody .av-special-heading.av-av_heading-00d153ad4b3e17f84d803ca81a7c4d2f .av-special-heading-tag .heading-char{\nfont-size:25px;\n}\n.av-special-heading.av-av_heading-00d153ad4b3e17f84d803ca81a7c4d2f .av-subheading{\nfont-size:15px;\n}\n<\/style>\n<div  class='av-special-heading av-av_heading-00d153ad4b3e17f84d803ca81a7c4d2f av-special-heading-h1 blockquote modern-quote  avia-builder-el-1  el_before_av_one_full  avia-builder-el-first '><h1 class='av-special-heading-tag'  itemprop=\"headline\"  >\u00dcber Colorful Technology<\/h1><div class=\"special-heading-border\"><div class=\"special-heading-inner-border\"><\/div><\/div><\/div>\n\n<style type=\"text\/css\" data-created_by=\"avia_inline_auto\" id=\"style-css-av-19qo5-600cae7598b163920e32f6ad3609ae0a\">\n.flex_column.av-19qo5-600cae7598b163920e32f6ad3609ae0a{\nborder-radius:0px 0px 0px 0px;\npadding:0px 0px 0px 0px;\n}\n<\/style>\n<div  class='flex_column av-19qo5-600cae7598b163920e32f6ad3609ae0a av_one_full  avia-builder-el-2  el_after_av_heading  avia-builder-el-last  first flex_column_div av-zero-column-padding  '     ><p><section  class='av_textblock_section av-s5n9-35e78e2ae101133e1596da1c453b4939 '   itemscope=\"itemscope\" itemtype=\"https:\/\/schema.org\/CreativeWork\" ><div class='avia_textblock'  itemprop=\"text\" ><p><img loading=\"lazy\" decoding=\"async\" class=\"size-full wp-image-2064 alignright\" src=\"https:\/\/www.colorfly.eu\/wp-content\/uploads\/2018\/09\/hh.jpg\" alt=\"\" width=\"480\" height=\"295\" srcset=\"https:\/\/www.colorfly.eu\/wp-content\/uploads\/2018\/09\/hh.jpg 480w, https:\/\/www.colorfly.eu\/wp-content\/uploads\/2018\/09\/hh-300x184.jpg 300w, https:\/\/www.colorfly.eu\/wp-content\/uploads\/2018\/09\/hh-450x277.jpg 450w\" sizes=\"auto, (max-width: 480px) 100vw, 480px\" \/><\/p>\n<p>Das Unternehmen Colorful Technology &amp; Development Limited ist in China einer der bekanntesten Akteure im Bereich Digital Interface Equipment. Der Marktanteil von <a href=\"https:\/\/www.colorfly.eu\/de\/produkte\/graphic-cards-for-industrial-use\/\">Colorful Grafikkarten<\/a> im chinesischen Distributions- markt ist gr\u00f6\u00dfer 25%.<\/p>\n<p>Colorful ging aus der Seethru Gruppe hervor, die 1995 als IT Channel Value-added Service Company gegr\u00fcndet wurde und war in erster Linie als Sales Agent im Vertrieb von Servern, Komplettsystemen und Komponenten bekannter Markenhersteller aktiv.<\/p>\n<p>Im Februar 1999 wurde Colorful als neue Marke f\u00fcr die Produktion und Verkauf von Komponenten im lokalen chinesischen Markt geschaffen. Durch das langj\u00e4hrige Engagement in Forschung, Entwicklung, sowie Produktion und Vertrieb von hochwertigen Consumer-Grafikkarten, hat sich Colorful zu einer f\u00fchrenden Marke in der Grafikkartenindustrie in China entwickelt.<\/p>\n<p>Heute umfasst Colorful die Gesamtheit der Lieferkette von Entwicklung, strategischen Einkauf aus vorgelagerten Unternehmen wie AMD, Intel, NVIDIA und VIA \u00fcber die Produktion bis zur Vermarktung und den Verkauf. Wir kooperieren mit fast 1000 Partnern und Lieferanten in ganz China und unterst\u00fctzen unsere Kunden mit hochwertigen Produkten und Dienstleistungen.<\/p>\n<p>Inzwischen ist Colorful in den globalen Markt eingetreten und addresiert weltweit neue Kunden. Im Jahr 2010 hat Colorful die Marke Colorfly f\u00fcr au\u00dfergew\u00f6hnliche Multimedia-und HIFI-Ger\u00e4te eingef\u00fchrt. In diesem und den folgenden Jahren werden weitere Brands f\u00fcr revolution\u00e4re und innovative neue Produkte folgen.<\/p>\n<\/div><\/section><br \/>\n<div  class='avia-button-wrap av-jm6dztvi-13a95c9c5ab9ef370161003add92c39b-wrap avia-button-left  avia-builder-el-4  el_after_av_textblock  avia-builder-el-last '><a href='https:\/\/www.colorfly.eu\/de\/ueber-colorful-technology\/auszeichnungen\/'  class='avia-button av-jm6dztvi-13a95c9c5ab9ef370161003add92c39b avia-icon_select-no avia-size-medium avia-position-left avia-color-light'  ><span class='avia_iconbox_title' >Auszeichnungen<\/span><\/a><\/div><\/p><\/div><\/div><\/div><\/main><!-- close content main element --><\/div><\/div><div id='after_section_1'  class='main_color av_default_container_wrap container_wrap sidebar_right'  ><div class='container av-section-cont-open' ><div class='template-page content  av-content-small alpha units'><div class='post-entry post-entry-type-page post-entry-541'><div class='entry-content-wrapper clearfix'><section  class='av_textblock_section av-7yj8d-46058a4e49b9bef27ff53f459cd8a19c '   itemscope=\"itemscope\" itemtype=\"https:\/\/schema.org\/CreativeWork\" ><div class='avia_textblock'  itemprop=\"text\" ><\/div><\/section><\/p>\n","protected":false},"excerpt":{"rendered":"","protected":false},"author":1,"featured_media":0,"parent":0,"menu_order":0,"comment_status":"closed","ping_status":"closed","template":"","meta":{"footnotes":""},"class_list":["post-541","page","type-page","status-publish","hentry"],"aioseo_notices":[],"_links":{"self":[{"href":"https:\/\/www.colorfly.eu\/de\/wp-json\/wp\/v2\/pages\/541","targetHints":{"allow":["GET"]}}],"collection":[{"href":"https:\/\/www.colorfly.eu\/de\/wp-json\/wp\/v2\/pages"}],"about":[{"href":"https:\/\/www.colorfly.eu\/de\/wp-json\/wp\/v2\/types\/page"}],"author":[{"embeddable":true,"href":"https:\/\/www.colorfly.eu\/de\/wp-json\/wp\/v2\/users\/1"}],"replies":[{"embeddable":true,"href":"https:\/\/www.colorfly.eu\/de\/wp-json\/wp\/v2\/comments?post=541"}],"version-history":[{"count":5,"href":"https:\/\/www.colorfly.eu\/de\/wp-json\/wp\/v2\/pages\/541\/revisions"}],"predecessor-version":[{"id":2611,"href":"https:\/\/www.colorfly.eu\/de\/wp-json\/wp\/v2\/pages\/541\/revisions\/2611"}],"wp:attachment":[{"href":"https:\/\/www.colorfly.eu\/de\/wp-json\/wp\/v2\/media?parent=541"}],"curies":[{"name":"wp","href":"https:\/\/api.w.org\/{rel}","templated":true}]}}