{"id":2262,"date":"2018-09-18T16:49:51","date_gmt":"2018-09-18T14:49:51","guid":{"rendered":"https:\/\/www.colorfly.eu\/?page_id=2262"},"modified":"2024-10-30T11:02:13","modified_gmt":"2024-10-30T10:02:13","slug":"basics-design-fuer-spezielle-anfertigung","status":"publish","type":"page","link":"https:\/\/www.colorfly.eu\/de\/produkte\/graphic-cards-for-industrial-use\/basics-design-fuer-spezielle-anfertigung\/","title":{"rendered":"Basisdesign f\u00fcr spezielle Anfertigungen"},"content":{"rendered":"<div id='full_slider_1'  class='avia-fullwidth-slider main_color avia-shadow   avia-builder-el-0  el_before_av_section  avia-builder-el-first   container_wrap sidebar_right'  ><div  class='avia-slideshow av-jktw44fb-8e25bcc28c0f3b002c84993038f4563d avia-slideshow-no scaling av_slideshow_full avia-fade-slider av-slideshow-ui av-control-default av-slideshow-manual av-loop-once av-loop-manual-endless av-default-height-applied   avia-slideshow-1' data-slideshow-options=\"{&quot;animation&quot;:&quot;fade&quot;,&quot;autoplay&quot;:false,&quot;loop_autoplay&quot;:&quot;once&quot;,&quot;interval&quot;:7,&quot;loop_manual&quot;:&quot;manual-endless&quot;,&quot;autoplay_stopper&quot;:false,&quot;noNavigation&quot;:false,&quot;bg_slider&quot;:false,&quot;keep_padding&quot;:false,&quot;hoverpause&quot;:false,&quot;show_slide_delay&quot;:0}\"  itemprop=\"image\" itemscope=\"itemscope\" itemtype=\"https:\/\/schema.org\/ImageObject\" ><ul class='avia-slideshow-inner ' style='padding-bottom: 26%;'><li  class='avia-slideshow-slide av-jktw44fb-8e25bcc28c0f3b002c84993038f4563d__0  av-single-slide slide-1 slide-odd'><div data-rel='slideshow-1' class='avia-slide-wrap '   ><img decoding=\"async\" class=\"wp-image-602 avia-img-lazy-loading-not-602\"  src=\"https:\/\/www.colorfly.eu\/wp-content\/uploads\/2018\/09\/ipc2.jpg\" width=\"1300\" height=\"338\" title='ipc2' alt=''  itemprop=\"thumbnailUrl\" srcset=\"https:\/\/www.colorfly.eu\/wp-content\/uploads\/2018\/09\/ipc2.jpg 1300w, https:\/\/www.colorfly.eu\/wp-content\/uploads\/2018\/09\/ipc2-300x78.jpg 300w, https:\/\/www.colorfly.eu\/wp-content\/uploads\/2018\/09\/ipc2-768x200.jpg 768w, https:\/\/www.colorfly.eu\/wp-content\/uploads\/2018\/09\/ipc2-1030x268.jpg 1030w, https:\/\/www.colorfly.eu\/wp-content\/uploads\/2018\/09\/ipc2-705x183.jpg 705w, https:\/\/www.colorfly.eu\/wp-content\/uploads\/2018\/09\/ipc2-450x117.jpg 450w\" sizes=\"(max-width: 1300px) 100vw, 1300px\" \/><\/div><\/li><\/ul><\/div><\/div>\n<div id='av_section_1'  class='avia-section av-25m79-3e369dca3f81e7ff4721a1d154b79913 main_color avia-section-default avia-no-border-styling  avia-builder-el-1  el_after_av_slideshow_full  avia-builder-el-last  avia-bg-style-scroll container_wrap sidebar_right'  ><div class='container av-section-cont-open' ><div class='template-page content  av-content-small alpha units'><div class='post-entry post-entry-type-page post-entry-2262'><div class='entry-content-wrapper clearfix'>\n\n<style type=\"text\/css\" data-created_by=\"avia_inline_auto\" id=\"style-css-av-kskdvivb-a8a13fa915e35ec1987cf1d096c0cc10\">\n#top .av-special-heading.av-kskdvivb-a8a13fa915e35ec1987cf1d096c0cc10{\npadding-bottom:25px;\n}\nbody .av-special-heading.av-kskdvivb-a8a13fa915e35ec1987cf1d096c0cc10 .av-special-heading-tag .heading-char{\nfont-size:25px;\n}\n.av-special-heading.av-kskdvivb-a8a13fa915e35ec1987cf1d096c0cc10 .av-subheading{\nfont-size:15px;\n}\n<\/style>\n<div  class='av-special-heading av-kskdvivb-a8a13fa915e35ec1987cf1d096c0cc10 av-special-heading-h1 blockquote modern-quote  avia-builder-el-2  el_before_av_textblock  avia-builder-el-first '><h1 class='av-special-heading-tag'  itemprop=\"headline\"  >Basis Design f\u00fcr spezielle Anfertigung <\/h1><div class=\"special-heading-border\"><div class=\"special-heading-inner-border\"><\/div><\/div><\/div>\n<section  class='av_textblock_section av-s5n9-d8a1e450ed297a88532702d0e88f2a76 '   itemscope=\"itemscope\" itemtype=\"https:\/\/schema.org\/CreativeWork\" ><div class='avia_textblock'  itemprop=\"text\" ><h3><img loading=\"lazy\" decoding=\"async\" class=\"alignleft size-full wp-image-682\" src=\"https:\/\/www.colorfly.eu\/wp-content\/uploads\/2018\/09\/NV_PF_3D.png\" alt=\"\" width=\"78\" height=\"75\" srcset=\"https:\/\/www.colorfly.eu\/wp-content\/uploads\/2018\/09\/NV_PF_3D.png 78w, https:\/\/www.colorfly.eu\/wp-content\/uploads\/2018\/09\/NV_PF_3D-36x36.png 36w\" sizes=\"auto, (max-width: 78px) 100vw, 78px\" \/> NVIDIA-basierte Basis-Grafikkarten-Designs f\u00fcr kundenspezifische L\u00f6sungen<\/h3>\n<\/div><\/section>\n<section  class='av_textblock_section av-kbtnmsqn-06ace2fdaa1455c93ce4ee9ff1c9484b '   itemscope=\"itemscope\" itemtype=\"https:\/\/schema.org\/CreativeWork\" ><div class='avia_textblock'  itemprop=\"text\" ><p>Unsere Kunden k\u00f6nnen auf der Grundlage unserer umfangreichen fertigten Basisdesigns leicht eine passende oder \u00e4hnliche Karte ausw\u00e4hlen. Es werden dann nach Kundenbedarf Modifizierungen und geringf\u00fcgige Design \u00c4nderungen sowie \u00c4nderungen in der Best\u00fcckung vorgenommen, um den Kunden-Anforderungen gerecht zu werden.<\/p>\n<p>Nat\u00fcrlich k\u00f6nnen wir auch komplett nach Kundenbedarf ein neues Design f\u00fcr unsere Kunden entwickeln.<\/p>\n<\/div><\/section>\n\n<style type=\"text\/css\" data-created_by=\"avia_inline_auto\" id=\"style-css-av-3rvdpi-e6066cd00203aefbc5a1d897912adf30\">\n#top .av-special-heading.av-3rvdpi-e6066cd00203aefbc5a1d897912adf30{\npadding-bottom:25px;\n}\nbody .av-special-heading.av-3rvdpi-e6066cd00203aefbc5a1d897912adf30 .av-special-heading-tag .heading-char{\nfont-size:25px;\n}\n.av-special-heading.av-3rvdpi-e6066cd00203aefbc5a1d897912adf30 .av-subheading{\nfont-size:15px;\n}\n<\/style>\n<div  class='av-special-heading av-3rvdpi-e6066cd00203aefbc5a1d897912adf30 av-special-heading-h3 blockquote modern-quote  avia-builder-el-5  el_after_av_textblock  el_before_av_one_half '><h3 class='av-special-heading-tag'  itemprop=\"headline\"  >Liste der Basis Designs<\/h3><div class=\"special-heading-border\"><div class=\"special-heading-inner-border\"><\/div><\/div><\/div>\n\n<style type=\"text\/css\" data-created_by=\"avia_inline_auto\" id=\"style-css-av-1df529-e762f6c48ec31ef2eec68c45e3ce4246\">\n.flex_column.av-1df529-e762f6c48ec31ef2eec68c45e3ce4246{\nborder-radius:0px 0px 0px 0px;\npadding:0px 0px 0px 0px;\n}\n<\/style>\n<div  class='flex_column av-1df529-e762f6c48ec31ef2eec68c45e3ce4246 av_one_half  avia-builder-el-6  el_after_av_heading  el_before_av_hr  first flex_column_div av-zero-column-padding  '     ><div  class='avia-button-wrap av-knufyfzu-1f4f03398e44d80741793b92d75ad815-wrap avia-button-left  avia-builder-el-7  avia-builder-el-no-sibling '><a href='https:\/\/www.colorfly.eu\/wp-content\/uploads\/2024\/10\/List-of-Colorful-IPC-Graphic-Card-Basis-Designs-for-Customized-2024-10.xlsx' class='avia-button av-knufyfzu-1f4f03398e44d80741793b92d75ad815 avia-icon_select-yes-left-icon avia-size-large avia-position-left avia-color-silver' target=\"_blank\" rel=\"noopener noreferrer\"><span class='avia_button_icon avia_button_icon_left' aria-hidden='true' data-av_icon='002-excel-1' data-av_iconfont='flaticon'><\/span><span class='avia_iconbox_title' >Liste der Basisdesigns<\/span><\/a><\/div><\/div><div  class='hr av-hh3ug-e903612c9ce421026460d0f852a3c342 hr-default  avia-builder-el-8  el_after_av_one_half  el_before_av_heading '><span class='hr-inner '><span class=\"hr-inner-style\"><\/span><\/span><\/div>\n\n<style type=\"text\/css\" data-created_by=\"avia_inline_auto\" id=\"style-css-av-32ubfq-287b4261d2cdaefce3d66fb95e6b481f\">\n#top .av-special-heading.av-32ubfq-287b4261d2cdaefce3d66fb95e6b481f{\npadding-bottom:25px;\n}\nbody .av-special-heading.av-32ubfq-287b4261d2cdaefce3d66fb95e6b481f .av-special-heading-tag .heading-char{\nfont-size:25px;\n}\n.av-special-heading.av-32ubfq-287b4261d2cdaefce3d66fb95e6b481f .av-subheading{\nfont-size:15px;\n}\n<\/style>\n<div  class='av-special-heading av-32ubfq-287b4261d2cdaefce3d66fb95e6b481f av-special-heading-h3 blockquote modern-quote  avia-builder-el-9  el_after_av_hr  el_before_av_one_fourth '><h3 class='av-special-heading-tag'  itemprop=\"headline\"  >Beispiel der Basis Design f\u00fcr spezielle Anfertigung <\/h3><div class=\"special-heading-border\"><div class=\"special-heading-inner-border\"><\/div><\/div><\/div>\n\n<style type=\"text\/css\" data-created_by=\"avia_inline_auto\" id=\"style-css-av-1df529-e762f6c48ec31ef2eec68c45e3ce4246\">\n.flex_column.av-1df529-e762f6c48ec31ef2eec68c45e3ce4246{\nborder-radius:0px 0px 0px 0px;\npadding:0px 0px 0px 0px;\n}\n<\/style>\n<div  class='flex_column av-1df529-e762f6c48ec31ef2eec68c45e3ce4246 av_one_fourth  avia-builder-el-10  el_after_av_heading  el_before_av_one_fourth  first flex_column_div av-zero-column-padding  '     ><section  class='av_textblock_section av-jlm0kr5l-e0042d72aa6e781e06279fcb431f1e5e '   itemscope=\"itemscope\" itemtype=\"https:\/\/schema.org\/CreativeWork\" ><div class='avia_textblock'  itemprop=\"text\" ><p><strong>GeForce RTX 2080Ti<\/strong><\/p>\n<ul>\n<li><a href=\"https:\/\/www.colorfly.eu\/de\/produkte\/graphic-cards-for-industrial-use\/basics-design-fuer-spezielle-anfertigung\/igame-geforce-rtx-2080-ti-advanced-oc\/\">iGame GeForce RTX 2080 Ti Advanced OC<\/a><\/li>\n<\/ul>\n<\/div><\/section><\/div>\n<style type=\"text\/css\" data-created_by=\"avia_inline_auto\" id=\"style-css-av-1df529-4f2f24078dbbe9b51c075da329da3ee5\">\n.flex_column.av-1df529-4f2f24078dbbe9b51c075da329da3ee5{\nborder-radius:0px 0px 0px 0px;\npadding:0px 0px 0px 0px;\n}\n<\/style>\n<div  class='flex_column av-1df529-4f2f24078dbbe9b51c075da329da3ee5 av_one_fourth  avia-builder-el-12  el_after_av_one_fourth  el_before_av_one_fourth  flex_column_div av-zero-column-padding  '     ><section  class='av_textblock_section av-jlm0kr5l-e0042d72aa6e781e06279fcb431f1e5e '   itemscope=\"itemscope\" itemtype=\"https:\/\/schema.org\/CreativeWork\" ><div class='avia_textblock'  itemprop=\"text\" ><p><strong>GeForce RTX 2080<br \/>\n<\/strong><\/p>\n<ul>\n<li><a href=\"https:\/\/www.colorfly.eu\/de\/produkte\/graphic-cards-for-industrial-use\/basics-design-fuer-spezielle-anfertigung\/igame-geforce-rtx-2080-advanced-oc\/\">iGame GeForce RTX 2080 Advanced OC<\/a><\/li>\n<\/ul>\n<\/div><\/section><\/div>\n<style type=\"text\/css\" data-created_by=\"avia_inline_auto\" id=\"style-css-av-1df529-4f2f24078dbbe9b51c075da329da3ee5\">\n.flex_column.av-1df529-4f2f24078dbbe9b51c075da329da3ee5{\nborder-radius:0px 0px 0px 0px;\npadding:0px 0px 0px 0px;\n}\n<\/style>\n<div  class='flex_column av-1df529-4f2f24078dbbe9b51c075da329da3ee5 av_one_fourth  avia-builder-el-14  el_after_av_one_fourth  el_before_av_one_fourth  flex_column_div av-zero-column-padding  '     ><section  class='av_textblock_section av-jlm0kr5l-e0042d72aa6e781e06279fcb431f1e5e '   itemscope=\"itemscope\" itemtype=\"https:\/\/schema.org\/CreativeWork\" ><div class='avia_textblock'  itemprop=\"text\" ><p><strong>GTX1080Ti<\/strong><\/p>\n<ul>\n<li><a href=\"https:\/\/www.colorfly.eu\/products\/graphic-cards-for-industrial-use\/basics-for-customized\/igame-gtx1070x-top-8g-ad\/\">iGame GTX1070X-TOP-8G AD<\/a><\/li>\n<li><a href=\"https:\/\/www.colorfly.eu\/products\/graphic-cards-for-industrial-use\/basics-for-customized\/igame-gtx1080ti-neptune\/\">iGame GTX1080Ti Neptun Watercooling<\/a><\/li>\n<li><a href=\"https:\/\/www.colorfly.eu\/products\/graphic-cards-for-industrial-use\/basics-for-customized\/igame-gtx1080ti-vulcan-x-oc\/\">iGame GTX1080Ti Vulcan X Overclocking<\/a><\/li>\n<li><a href=\"https:\/\/www.colorfly.eu\/products\/graphic-cards-for-industrial-use\/basics-for-customized\/igame-gtx1080ti-vulcan-ad\/\">iGame GTX1080Ti Vulcan Advance<\/a><\/li>\n<\/ul>\n<\/div><\/section><\/div>\n<style type=\"text\/css\" data-created_by=\"avia_inline_auto\" id=\"style-css-av-1df529-4f2f24078dbbe9b51c075da329da3ee5\">\n.flex_column.av-1df529-4f2f24078dbbe9b51c075da329da3ee5{\nborder-radius:0px 0px 0px 0px;\npadding:0px 0px 0px 0px;\n}\n<\/style>\n<div  class='flex_column av-1df529-4f2f24078dbbe9b51c075da329da3ee5 av_one_fourth  avia-builder-el-16  el_after_av_one_fourth  el_before_av_hr  flex_column_div av-zero-column-padding  '     ><section  class='av_textblock_section av-jlm0kr5l-e0042d72aa6e781e06279fcb431f1e5e '   itemscope=\"itemscope\" itemtype=\"https:\/\/schema.org\/CreativeWork\" ><div class='avia_textblock'  itemprop=\"text\" ><p><strong>GTX1080<\/strong><\/p>\n<ul>\n<li><a href=\"https:\/\/www.colorfly.eu\/products\/graphic-cards-for-industrial-use\/basics-for-customized\/igame-gtx1080-x-top-8g\/\">iGameGTX1080 X-TOP-8G<\/a><\/li>\n<li><a href=\"https:\/\/www.colorfly.eu\/products\/graphic-cards-for-industrial-use\/basics-for-customized\/igame-gtx1080-u-top-8g\/\">iGameGTX1080 U-TOP-8G<\/a><\/li>\n<li><a href=\"https:\/\/www.colorfly.eu\/products\/graphic-cards-for-industrial-use\/basics-for-customized\/igame-gtx1080x-top-8g-ad\/\">iGameGTX1080 X-TOP-8G ADVANCE<\/a><\/li>\n<\/ul>\n<\/div><\/section><\/div><div  class='hr av-hh3ug-e903612c9ce421026460d0f852a3c342 hr-default  avia-builder-el-18  el_after_av_one_fourth  el_before_av_one_fourth '><span class='hr-inner '><span class=\"hr-inner-style\"><\/span><\/span><\/div>\n\n<style type=\"text\/css\" data-created_by=\"avia_inline_auto\" id=\"style-css-av-1df529-e762f6c48ec31ef2eec68c45e3ce4246\">\n.flex_column.av-1df529-e762f6c48ec31ef2eec68c45e3ce4246{\nborder-radius:0px 0px 0px 0px;\npadding:0px 0px 0px 0px;\n}\n<\/style>\n<div  class='flex_column av-1df529-e762f6c48ec31ef2eec68c45e3ce4246 av_one_fourth  avia-builder-el-19  el_after_av_hr  el_before_av_one_fourth  first flex_column_div av-zero-column-padding  '     ><section  class='av_textblock_section av-jlm0kr5l-e0042d72aa6e781e06279fcb431f1e5e '   itemscope=\"itemscope\" itemtype=\"https:\/\/schema.org\/CreativeWork\" ><div class='avia_textblock'  itemprop=\"text\" ><p><strong>GTX1070Ti<\/strong><\/p>\n<ul>\n<li><a href=\"https:\/\/www.colorfly.eu\/products\/graphic-cards-for-industrial-use\/basics-for-customized\/igamegtx1070ti-vulcan-xtop\/\">iGameGTX1070Ti Vulcan X-TOP<\/a><\/li>\n<\/ul>\n<\/div><\/section><\/div>\n<style type=\"text\/css\" data-created_by=\"avia_inline_auto\" id=\"style-css-av-1df529-4f2f24078dbbe9b51c075da329da3ee5\">\n.flex_column.av-1df529-4f2f24078dbbe9b51c075da329da3ee5{\nborder-radius:0px 0px 0px 0px;\npadding:0px 0px 0px 0px;\n}\n<\/style>\n<div  class='flex_column av-1df529-4f2f24078dbbe9b51c075da329da3ee5 av_one_fourth  avia-builder-el-21  el_after_av_one_fourth  el_before_av_one_fourth  flex_column_div av-zero-column-padding  '     ><section  class='av_textblock_section av-jlm0kr5l-e0042d72aa6e781e06279fcb431f1e5e '   itemscope=\"itemscope\" itemtype=\"https:\/\/schema.org\/CreativeWork\" ><div class='avia_textblock'  itemprop=\"text\" ><p><strong>GTX1070<\/strong><\/p>\n<ul>\n<li><a href=\"https:\/\/www.colorfly.eu\/products\/graphic-cards-for-industrial-use\/basics-for-customized\/igame-gtx1070-x-top-8g\/\">iGameGTX1070 X-TOP-8G<\/a><\/li>\n<li><a href=\"https:\/\/www.colorfly.eu\/products\/graphic-cards-for-industrial-use\/basics-for-customized\/igame-gtx1070-u-top-8g\/\">iGameGTX1070 U-TOP-8G<\/a><\/li>\n<li><a href=\"https:\/\/www.colorfly.eu\/products\/graphic-cards-for-industrial-use\/basics-for-customized\/igame-gtx1070x-top-8g-ad-2\/\">iGameGTX1070 X-TOP-8G ADVANCE<\/a><\/li>\n<\/ul>\n<\/div><\/section><\/div>\n<style type=\"text\/css\" data-created_by=\"avia_inline_auto\" id=\"style-css-av-1df529-60f89740b690ec1657ac28483015410d\">\n.flex_column.av-1df529-60f89740b690ec1657ac28483015410d{\nborder-radius:0px 0px 0px 0px;\npadding:0px 0px 0px 0px;\n}\n<\/style>\n<div  class='flex_column av-1df529-60f89740b690ec1657ac28483015410d av_one_fourth  avia-builder-el-23  el_after_av_one_fourth  el_before_av_one_fourth  flex_column_div av-zero-column-padding  '     ><section  class='av_textblock_section av-jlm0kr5l-e0042d72aa6e781e06279fcb431f1e5e '   itemscope=\"itemscope\" itemtype=\"https:\/\/schema.org\/CreativeWork\" ><div class='avia_textblock'  itemprop=\"text\" ><p><strong>GTX1060<\/strong><\/p>\n<ul>\n<li><a href=\"https:\/\/www.colorfly.eu\/products\/graphic-cards-for-industrial-use\/basics-for-customized\/igame-gtx1060-x-top-6g\/\">iGameGTX1060 X-TOP-6G<\/a><\/li>\n<li><a href=\"https:\/\/www.colorfly.eu\/products\/graphic-cards-for-industrial-use\/basics-for-customized\/igame-gtx1060-u-top-6g\/\">iGameGTX1060 U-TOP-6G<\/a><\/li>\n<li><a href=\"https:\/\/www.colorfly.eu\/products\/graphic-cards-for-industrial-use\/basics-for-customized\/igame-gtx1060-u-6g\/\">iGameGTX1060 U-6G<\/a><\/li>\n<li><a href=\"https:\/\/www.colorfly.eu\/products\/graphic-cards-for-industrial-use\/basics-for-customized\/igame-gtx1060-6g\/\">Colorful GTX1060-6G<\/a><\/li>\n<li><a href=\"https:\/\/www.colorfly.eu\/products\/graphic-cards-for-industrial-use\/basics-for-customized\/igame-gtx1060-u-top-3g\/\">iGameGTX1060 U-TOP-3G<\/a><\/li>\n<li><a href=\"https:\/\/www.colorfly.eu\/products\/graphic-cards-for-industrial-use\/basics-for-customized\/igame-gtx1060-u-3g\/\">iGameGTX1060 U-3G<\/a><\/li>\n<li><a href=\"https:\/\/www.colorfly.eu\/products\/graphic-cards-for-industrial-use\/basics-for-customized\/igame-gtx1060-3g\/\">Colorful GTX1060-3G<\/a><\/li>\n<\/ul>\n<\/div><\/section><\/div>\n<style type=\"text\/css\" data-created_by=\"avia_inline_auto\" id=\"style-css-av-1df529-4f2f24078dbbe9b51c075da329da3ee5\">\n.flex_column.av-1df529-4f2f24078dbbe9b51c075da329da3ee5{\nborder-radius:0px 0px 0px 0px;\npadding:0px 0px 0px 0px;\n}\n<\/style>\n<div  class='flex_column av-1df529-4f2f24078dbbe9b51c075da329da3ee5 av_one_fourth  avia-builder-el-25  el_after_av_one_fourth  el_before_av_hr  flex_column_div av-zero-column-padding  '     ><section  class='av_textblock_section av-jlm0kr5l-e0042d72aa6e781e06279fcb431f1e5e '   itemscope=\"itemscope\" itemtype=\"https:\/\/schema.org\/CreativeWork\" ><div class='avia_textblock'  itemprop=\"text\" ><p><strong>GTX1050Ti<\/strong><\/p>\n<ul>\n<li><a href=\"https:\/\/www.colorfly.eu\/products\/graphic-cards-for-industrial-use\/basics-for-customized\/igame-gtx-1050ti-u-4g\/\">iGameGTX1050Ti U-4G<\/a><\/li>\n<li><a href=\"https:\/\/www.colorfly.eu\/products\/graphic-cards-for-industrial-use\/basics-for-customized\/colorful-gtx1050ti-oc-4g\/\">iGameGTX1050Ti OC-4G<\/a><\/li>\n<\/ul>\n<\/div><\/section><\/div><div  class='hr av-hh3ug-e903612c9ce421026460d0f852a3c342 hr-default  avia-builder-el-27  el_after_av_one_fourth  el_before_av_one_fourth '><span class='hr-inner '><span class=\"hr-inner-style\"><\/span><\/span><\/div>\n\n<style type=\"text\/css\" data-created_by=\"avia_inline_auto\" id=\"style-css-av-1df529-e762f6c48ec31ef2eec68c45e3ce4246\">\n.flex_column.av-1df529-e762f6c48ec31ef2eec68c45e3ce4246{\nborder-radius:0px 0px 0px 0px;\npadding:0px 0px 0px 0px;\n}\n<\/style>\n<div  class='flex_column av-1df529-e762f6c48ec31ef2eec68c45e3ce4246 av_one_fourth  avia-builder-el-28  el_after_av_hr  el_before_av_one_fourth  first flex_column_div av-zero-column-padding  '     ><section  class='av_textblock_section av-jlm0kr5l-e0042d72aa6e781e06279fcb431f1e5e '   itemscope=\"itemscope\" itemtype=\"https:\/\/schema.org\/CreativeWork\" ><div class='avia_textblock'  itemprop=\"text\" ><p><strong>GTX1050<\/strong><\/p>\n<ul>\n<li><a href=\"https:\/\/www.colorfly.eu\/products\/graphic-cards-for-industrial-use\/basics-for-customized\/igame-gtx-1050ti-u-4g-2\/\">iGameGTX1050 U-2G<\/a><\/li>\n<li><a href=\"https:\/\/www.colorfly.eu\/products\/graphic-cards-for-industrial-use\/basics-for-customized\/colorful-gtx1050-oc-2g\/\">iGameGTX1050 OC-2G<\/a><\/li>\n<li><a href=\"https:\/\/www.colorfly.eu\/products\/graphic-cards-for-industrial-use\/basics-for-customized\/colorful-gtx1050-lp-2g\/\">Colorful GTX1050 LP 2G<\/a><\/li>\n<li><a href=\"https:\/\/www.colorfly.eu\/products\/graphic-cards-for-industrial-use\/basics-for-customized\/colorful-gtx1050-2gd5\/\">GTX1050-2GD5<\/a><\/li>\n<\/ul>\n<\/div><\/section><\/div>\n<style type=\"text\/css\" data-created_by=\"avia_inline_auto\" id=\"style-css-av-1df529-4f2f24078dbbe9b51c075da329da3ee5\">\n.flex_column.av-1df529-4f2f24078dbbe9b51c075da329da3ee5{\nborder-radius:0px 0px 0px 0px;\npadding:0px 0px 0px 0px;\n}\n<\/style>\n<div  class='flex_column av-1df529-4f2f24078dbbe9b51c075da329da3ee5 av_one_fourth  avia-builder-el-30  el_after_av_one_fourth  el_before_av_one_fourth  flex_column_div av-zero-column-padding  '     ><section  class='av_textblock_section av-jlm0kr5l-e0042d72aa6e781e06279fcb431f1e5e '   itemscope=\"itemscope\" itemtype=\"https:\/\/schema.org\/CreativeWork\" ><div class='avia_textblock'  itemprop=\"text\" ><p><strong>GTX1030<\/strong><\/p>\n<ul>\n<li>GT1030-2G V2<\/li>\n<\/ul>\n<\/div><\/section><\/div>\n<style type=\"text\/css\" data-created_by=\"avia_inline_auto\" id=\"style-css-av-1df529-4f2f24078dbbe9b51c075da329da3ee5\">\n.flex_column.av-1df529-4f2f24078dbbe9b51c075da329da3ee5{\nborder-radius:0px 0px 0px 0px;\npadding:0px 0px 0px 0px;\n}\n<\/style>\n<div  class='flex_column av-1df529-4f2f24078dbbe9b51c075da329da3ee5 av_one_fourth  avia-builder-el-32  el_after_av_one_fourth  el_before_av_one_fourth  flex_column_div av-zero-column-padding  '     ><section  class='av_textblock_section av-jlm0kr5l-e0042d72aa6e781e06279fcb431f1e5e '   itemscope=\"itemscope\" itemtype=\"https:\/\/schema.org\/CreativeWork\" ><div class='avia_textblock'  itemprop=\"text\" ><p><strong>GT740<\/strong><\/p>\n<ul>\n<li><a href=\"https:\/\/www.colorfly.eu\/products\/graphic-cards-for-industrial-use\/basics-for-customized\/colorful-gt740-2gd5\/\">Colorful GT740-2GD5<\/a><\/li>\n<li><a href=\"https:\/\/www.colorfly.eu\/products\/graphic-cards-for-industrial-use\/basics-for-customized\/colorful-gt740-1gd5\/\">Colorful GT740-1GD5<\/a><\/li>\n<\/ul>\n<\/div><\/section><\/div>\n<style type=\"text\/css\" data-created_by=\"avia_inline_auto\" id=\"style-css-av-1df529-4f2f24078dbbe9b51c075da329da3ee5\">\n.flex_column.av-1df529-4f2f24078dbbe9b51c075da329da3ee5{\nborder-radius:0px 0px 0px 0px;\npadding:0px 0px 0px 0px;\n}\n<\/style>\n<div  class='flex_column av-1df529-4f2f24078dbbe9b51c075da329da3ee5 av_one_fourth  avia-builder-el-34  el_after_av_one_fourth  el_before_av_hr  flex_column_div av-zero-column-padding  '     ><section  class='av_textblock_section av-jlm0kr5l-e0042d72aa6e781e06279fcb431f1e5e '   itemscope=\"itemscope\" itemtype=\"https:\/\/schema.org\/CreativeWork\" ><div class='avia_textblock'  itemprop=\"text\" ><p><strong>GT730<\/strong><\/p>\n<ul>\n<li><a href=\"https:\/\/www.colorfly.eu\/products\/graphic-cards-for-industrial-use\/basics-for-customized\/colorful-gt730-2gd5\/\">Colorful GT730-2GD5<\/a><\/li>\n<li><a href=\"https:\/\/www.colorfly.eu\/products\/graphic-cards-for-industrial-use\/basics-for-customized\/colorful-gt730-2gd3\/\">Colorful GT730-2GD3<\/a><\/li>\n<li><a href=\"https:\/\/www.colorfly.eu\/products\/graphic-cards-for-industrial-use\/basics-for-customized\/colorful-gt730-1gd3-lp\/\">Colorful GTX730-1GD3 LP<\/a><\/li>\n<\/ul>\n<\/div><\/section><\/div><div  class='hr av-amopc-e594055f72e519ee67e89a03a392554f hr-default  avia-builder-el-36  el_after_av_one_fourth  el_before_av_one_fourth '><span class='hr-inner '><span class=\"hr-inner-style\"><\/span><\/span><\/div>\n\n<style type=\"text\/css\" data-created_by=\"avia_inline_auto\" id=\"style-css-av-1df529-e762f6c48ec31ef2eec68c45e3ce4246\">\n.flex_column.av-1df529-e762f6c48ec31ef2eec68c45e3ce4246{\nborder-radius:0px 0px 0px 0px;\npadding:0px 0px 0px 0px;\n}\n<\/style>\n<div  class='flex_column av-1df529-e762f6c48ec31ef2eec68c45e3ce4246 av_one_fourth  avia-builder-el-37  el_after_av_hr  el_before_av_one_fourth  first flex_column_div av-zero-column-padding  '     ><section  class='av_textblock_section av-jlm0kr5l-e0042d72aa6e781e06279fcb431f1e5e '   itemscope=\"itemscope\" itemtype=\"https:\/\/schema.org\/CreativeWork\" ><div class='avia_textblock'  itemprop=\"text\" ><p><strong>GT720<\/strong><\/p>\n<ul>\n<li>Colorful GT720-1G<\/li>\n<\/ul>\n<\/div><\/section><\/div>\n<style type=\"text\/css\" data-created_by=\"avia_inline_auto\" id=\"style-css-av-1df529-4f2f24078dbbe9b51c075da329da3ee5\">\n.flex_column.av-1df529-4f2f24078dbbe9b51c075da329da3ee5{\nborder-radius:0px 0px 0px 0px;\npadding:0px 0px 0px 0px;\n}\n<\/style>\n<div  class='flex_column av-1df529-4f2f24078dbbe9b51c075da329da3ee5 av_one_fourth  avia-builder-el-39  el_after_av_one_fourth  avia-builder-el-last  flex_column_div av-zero-column-padding  '     ><section  class='av_textblock_section av-jlm0kr5l-e0042d72aa6e781e06279fcb431f1e5e '   itemscope=\"itemscope\" itemtype=\"https:\/\/schema.org\/CreativeWork\" ><div class='avia_textblock'  itemprop=\"text\" ><p><strong>GT710<\/strong><\/p>\n<ul>\n<li>Colorful GT710-1GD3<\/li>\n<li>Colorful GT710 LP-1GD3<\/li>\n<\/ul>\n<\/div><\/section><\/div><\/div><\/div><\/div><!-- close content main div --><\/div><\/div><div id='after_section_1'  class='main_color av_default_container_wrap container_wrap sidebar_right'  ><div class='container av-section-cont-open' ><div class='template-page content  av-content-small alpha units'><div class='post-entry post-entry-type-page post-entry-2262'><div class='entry-content-wrapper clearfix'>\n","protected":false},"excerpt":{"rendered":"","protected":false},"author":1,"featured_media":0,"parent":1910,"menu_order":0,"comment_status":"closed","ping_status":"closed","template":"","meta":{"footnotes":""},"class_list":["post-2262","page","type-page","status-publish","hentry"],"aioseo_notices":[],"_links":{"self":[{"href":"https:\/\/www.colorfly.eu\/de\/wp-json\/wp\/v2\/pages\/2262","targetHints":{"allow":["GET"]}}],"collection":[{"href":"https:\/\/www.colorfly.eu\/de\/wp-json\/wp\/v2\/pages"}],"about":[{"href":"https:\/\/www.colorfly.eu\/de\/wp-json\/wp\/v2\/types\/page"}],"author":[{"embeddable":true,"href":"https:\/\/www.colorfly.eu\/de\/wp-json\/wp\/v2\/users\/1"}],"replies":[{"embeddable":true,"href":"https:\/\/www.colorfly.eu\/de\/wp-json\/wp\/v2\/comments?post=2262"}],"version-history":[{"count":9,"href":"https:\/\/www.colorfly.eu\/de\/wp-json\/wp\/v2\/pages\/2262\/revisions"}],"predecessor-version":[{"id":3255,"href":"https:\/\/www.colorfly.eu\/de\/wp-json\/wp\/v2\/pages\/2262\/revisions\/3255"}],"up":[{"embeddable":true,"href":"https:\/\/www.colorfly.eu\/de\/wp-json\/wp\/v2\/pages\/1910"}],"wp:attachment":[{"href":"https:\/\/www.colorfly.eu\/de\/wp-json\/wp\/v2\/media?parent=2262"}],"curies":[{"name":"wp","href":"https:\/\/api.w.org\/{rel}","templated":true}]}}