{"id":1910,"date":"2018-09-14T10:50:51","date_gmt":"2018-09-14T08:50:51","guid":{"rendered":"https:\/\/www.colorfly.eu\/?page_id=1910"},"modified":"2024-10-31T19:21:05","modified_gmt":"2024-10-31T18:21:05","slug":"graphic-cards-for-industrial-use","status":"publish","type":"page","link":"https:\/\/www.colorfly.eu\/de\/produkte\/graphic-cards-for-industrial-use\/","title":{"rendered":"IPC Grafikkarten"},"content":{"rendered":"<div id='full_slider_1'  class='avia-fullwidth-slider main_color avia-shadow   avia-builder-el-0  el_before_av_section  avia-builder-el-first   container_wrap sidebar_right'  ><div  class='avia-slideshow av-jm1wm6b1-ccfdbd2b0f2bc515dab73a78d8f6d81c avia-slideshow-no scaling av_slideshow_full avia-slide-slider av-slideshow-ui av-control-default av-slideshow-manual av-loop-once av-loop-manual-endless av-default-height-applied   avia-slideshow-1' data-slideshow-options=\"{&quot;animation&quot;:&quot;slide&quot;,&quot;autoplay&quot;:false,&quot;loop_autoplay&quot;:&quot;once&quot;,&quot;interval&quot;:5,&quot;loop_manual&quot;:&quot;manual-endless&quot;,&quot;autoplay_stopper&quot;:false,&quot;noNavigation&quot;:false,&quot;bg_slider&quot;:false,&quot;keep_padding&quot;:false,&quot;hoverpause&quot;:false,&quot;show_slide_delay&quot;:0}\"  itemprop=\"image\" itemscope=\"itemscope\" itemtype=\"https:\/\/schema.org\/ImageObject\" ><ul class='avia-slideshow-inner ' style='padding-bottom: 23.4375%;'><li  class='avia-slideshow-slide av-jm1wm6b1-ccfdbd2b0f2bc515dab73a78d8f6d81c__0  av-single-slide slide-1 slide-odd'><div data-rel='slideshow-1' class='avia-slide-wrap '   ><img decoding=\"async\" class=\"wp-image-548 avia-img-lazy-loading-not-548\"  src=\"https:\/\/www.colorfly.eu\/wp-content\/uploads\/2018\/08\/140484200.jpg\" width=\"1920\" height=\"450\" title='140484200' alt=''  itemprop=\"thumbnailUrl\" srcset=\"https:\/\/www.colorfly.eu\/wp-content\/uploads\/2018\/08\/140484200.jpg 1920w, https:\/\/www.colorfly.eu\/wp-content\/uploads\/2018\/08\/140484200-300x70.jpg 300w, https:\/\/www.colorfly.eu\/wp-content\/uploads\/2018\/08\/140484200-768x180.jpg 768w, https:\/\/www.colorfly.eu\/wp-content\/uploads\/2018\/08\/140484200-1030x241.jpg 1030w, https:\/\/www.colorfly.eu\/wp-content\/uploads\/2018\/08\/140484200-1500x352.jpg 1500w, https:\/\/www.colorfly.eu\/wp-content\/uploads\/2018\/08\/140484200-705x165.jpg 705w, https:\/\/www.colorfly.eu\/wp-content\/uploads\/2018\/08\/140484200-450x105.jpg 450w\" sizes=\"(max-width: 1920px) 100vw, 1920px\" \/><\/div><\/li><\/ul><\/div><\/div>\n<div id='products'  class='avia-section av-25m79-c46239325eadad14f5b63d976c9b96bb main_color avia-section-default avia-no-border-styling  avia-builder-el-1  el_after_av_slideshow_full  avia-builder-el-last  avia-bg-style-scroll container_wrap sidebar_right'  ><div class='container av-section-cont-open' ><div class='template-page content  av-content-small alpha units'><div class='post-entry post-entry-type-page post-entry-1910'><div class='entry-content-wrapper clearfix'>\n\n<style type=\"text\/css\" data-created_by=\"avia_inline_auto\" id=\"style-css-av-37p7gm-2d26cbeaad8c678613d13ba71b128eec\">\n#top .av-special-heading.av-37p7gm-2d26cbeaad8c678613d13ba71b128eec{\npadding-bottom:20px;\n}\nbody .av-special-heading.av-37p7gm-2d26cbeaad8c678613d13ba71b128eec .av-special-heading-tag .heading-char{\nfont-size:25px;\n}\n.av-special-heading.av-37p7gm-2d26cbeaad8c678613d13ba71b128eec .av-subheading{\nfont-size:15px;\n}\n<\/style>\n<div  class='av-special-heading av-37p7gm-2d26cbeaad8c678613d13ba71b128eec av-special-heading-h1 blockquote modern-quote  avia-builder-el-2  el_before_av_one_third  avia-builder-el-first '><h1 class='av-special-heading-tag'  itemprop=\"headline\"  >IPC Colorful Grafikkarten<\/h1><div class=\"special-heading-border\"><div class=\"special-heading-inner-border\"><\/div><\/div><\/div>\n<div class='flex_column_table av-19qo5-9a79e811397beb965bec9bae6acd053b sc-av_one_third av-equal-height-column-flextable'>\n<style type=\"text\/css\" data-created_by=\"avia_inline_auto\" id=\"style-css-av-19qo5-9a79e811397beb965bec9bae6acd053b\">\n.flex_column.av-19qo5-9a79e811397beb965bec9bae6acd053b{\nborder-width:1px;\nborder-color:#cccccc;\nborder-style:solid;\nborder-radius:0px 0px 0px 0px;\npadding:12px 0px 12px 0px;\nbackground-color:#000000;\n}\n<\/style>\n<div  class='flex_column av-19qo5-9a79e811397beb965bec9bae6acd053b av_one_third  avia-builder-el-3  el_after_av_heading  el_before_av_one_third  first flex_column_table_cell av-equal-height-column av-align-top avia-link-column av-column-link  '    data-link-column-url=\"https:\/\/www.colorfly.eu\/de\/produkte\/graphic-cards-for-industrial-use\/aktuelle-standard-gpu-karten-fuer-ipc\/\"   ><a class=\"av-screen-reader-only\" href=https:\/\/www.colorfly.eu\/de\/produkte\/graphic-cards-for-industrial-use\/aktuelle-standard-gpu-karten-fuer-ipc\/ >Link zu: Aktuelle Standard GPU Karten f\u00fcr IPC<\/a><section  class='av_textblock_section av-s5n9-35e78e2ae101133e1596da1c453b4939 '   itemscope=\"itemscope\" itemtype=\"https:\/\/schema.org\/CreativeWork\" ><div class='avia_textblock'  itemprop=\"text\" ><h4>Aktuelle Standard GPU Karten f\u00fcr IPC<\/h4>\n<\/div><\/section><\/div><div class='av-flex-placeholder'><\/div>\n<style type=\"text\/css\" data-created_by=\"avia_inline_auto\" id=\"style-css-av-19qo5-9-2f8078e85b0eba12cdc1bc636bfc2cb2\">\n.flex_column.av-19qo5-9-2f8078e85b0eba12cdc1bc636bfc2cb2{\nborder-width:1px;\nborder-color:#cccccc;\nborder-style:solid;\nborder-radius:0px 0px 0px 0px;\npadding:12px 0px 12px 0px;\nbackground-color:#000000;\n}\n<\/style>\n<div  class='flex_column av-19qo5-9-2f8078e85b0eba12cdc1bc636bfc2cb2 av_one_third  avia-builder-el-5  el_after_av_one_third  el_before_av_one_third  flex_column_table_cell av-equal-height-column av-align-top avia-link-column av-column-link  '    data-link-column-url=\"https:\/\/www.colorfly.eu\/de\/produkte\/graphic-cards-for-industrial-use\/basics-design-fuer-spezielle-anfertigung\/\"   ><a class=\"av-screen-reader-only\" href=https:\/\/www.colorfly.eu\/de\/produkte\/graphic-cards-for-industrial-use\/basics-design-fuer-spezielle-anfertigung\/ >Link zu: Basisdesign f\u00fcr spezielle Anfertigungen<\/a><section  class='av_textblock_section av-s5n9-8-c1ab0d1ffcc7874af4c38eaf36875aa8 '   itemscope=\"itemscope\" itemtype=\"https:\/\/schema.org\/CreativeWork\" ><div class='avia_textblock'  itemprop=\"text\" ><h4>Basisdesign f\u00fcr spezielle Anfertigungen<\/h4>\n<\/div><\/section><\/div><div class='av-flex-placeholder'><\/div>\n<style type=\"text\/css\" data-created_by=\"avia_inline_auto\" id=\"style-css-av-3180ee-9851b355b73bda03a2f83348ac053a76\">\n.flex_column.av-3180ee-9851b355b73bda03a2f83348ac053a76{\nborder-radius:0px 0px 0px 0px;\npadding:0px 0px 0px 0px;\n}\n<\/style>\n<div  class='flex_column av-3180ee-9851b355b73bda03a2f83348ac053a76 av_one_third  avia-builder-el-7  el_after_av_one_third  el_before_av_hr  flex_column_table_cell av-equal-height-column av-align-top av-zero-column-padding  '     ><\/div><\/div><!--close column table wrapper. Autoclose: 1 -->\n<style type=\"text\/css\" data-created_by=\"avia_inline_auto\" id=\"style-css-av-jlwf0ql9-5d9649ee6328e542f5bb744c38d7fff8\">\n#top .hr.hr-invisible.av-jlwf0ql9-5d9649ee6328e542f5bb744c38d7fff8{\nheight:20px;\n}\n<\/style>\n<div  class='hr av-jlwf0ql9-5d9649ee6328e542f5bb744c38d7fff8 hr-invisible  avia-builder-el-8  el_after_av_one_third  el_before_av_one_third '><span class='hr-inner '><span class=\"hr-inner-style\"><\/span><\/span><\/div>\n<div class='flex_column_table av-19qo5-7-bd20e02d42c9ab335c94abb52daea451 sc-av_one_third av-equal-height-column-flextable'>\n<style type=\"text\/css\" data-created_by=\"avia_inline_auto\" id=\"style-css-av-19qo5-7-bd20e02d42c9ab335c94abb52daea451\">\n.flex_column.av-19qo5-7-bd20e02d42c9ab335c94abb52daea451{\nborder-width:1px;\nborder-color:#cccccc;\nborder-style:solid;\nborder-radius:0px 0px 0px 0px;\npadding:12px 0px 12px 0px;\nbackground-color:#000000;\n}\n<\/style>\n<div  class='flex_column av-19qo5-7-bd20e02d42c9ab335c94abb52daea451 av_one_third  avia-builder-el-9  el_after_av_hr  el_before_av_one_third  first flex_column_table_cell av-equal-height-column av-align-top avia-link-column av-column-link  '    data-link-column-url=\"https:\/\/www.colorfly.eu\/de\/produkte\/graphic-cards-for-industrial-use\/about-customize-vga\/\"   ><a class=\"av-screen-reader-only\" href=https:\/\/www.colorfly.eu\/de\/produkte\/graphic-cards-for-industrial-use\/about-customize-vga\/ >Link zu: \u00dcber spezielle Anfertigung f\u00fcr IPC<\/a><section  class='av_textblock_section av-s5n9-6-f4f98085fe8048f72cd02942a6723601 '   itemscope=\"itemscope\" itemtype=\"https:\/\/schema.org\/CreativeWork\" ><div class='avia_textblock'  itemprop=\"text\" ><h4>\u00dcber spezielle Anfertigungen f\u00fcr IPC<\/h4>\n<\/div><\/section><\/div><div class='av-flex-placeholder'><\/div>\n<style type=\"text\/css\" data-created_by=\"avia_inline_auto\" id=\"style-css-av-19qo5-4-37d743f4a44a951c5b62280b0d37d650\">\n.flex_column.av-19qo5-4-37d743f4a44a951c5b62280b0d37d650{\nborder-width:1px;\nborder-color:#cccccc;\nborder-style:solid;\nborder-radius:0px 0px 0px 0px;\npadding:12px 0px 12px 0px;\nbackground-color:#000000;\n}\n<\/style>\n<div  class='flex_column av-19qo5-4-37d743f4a44a951c5b62280b0d37d650 av_one_third  avia-builder-el-11  el_after_av_one_third  el_before_av_one_third  flex_column_table_cell av-equal-height-column av-align-top avia-link-column av-column-link  '    data-link-column-url=\"https:\/\/www.colorfly.eu\/de\/produkte\/graphic-cards-for-industrial-use\/benefits-of-colorful-solution\/\"   ><a class=\"av-screen-reader-only\" href=https:\/\/www.colorfly.eu\/de\/produkte\/graphic-cards-for-industrial-use\/benefits-of-colorful-solution\/ >Link zu: Beispiele von Colorful Innovationen<\/a><section  class='av_textblock_section av-s5n9-3-11eae899f4f12749908ca303c1dc9cb0 '   itemscope=\"itemscope\" itemtype=\"https:\/\/schema.org\/CreativeWork\" ><div class='avia_textblock'  itemprop=\"text\" ><h4>Beispiele von Colorful Innovationen<\/h4>\n<\/div><\/section><\/div><div class='av-flex-placeholder'><\/div>\n<style type=\"text\/css\" data-created_by=\"avia_inline_auto\" id=\"style-css-av-19qo5-2-eb68829e16bd45260c748d98ac444701\">\n.flex_column.av-19qo5-2-eb68829e16bd45260c748d98ac444701{\nborder-width:1px;\nborder-color:#cccccc;\nborder-style:solid;\nborder-radius:0px 0px 0px 0px;\npadding:12px 0px 12px 0px;\nbackground-color:#000000;\n}\n<\/style>\n<div  class='flex_column av-19qo5-2-eb68829e16bd45260c748d98ac444701 av_one_third  avia-builder-el-13  el_after_av_one_third  el_before_av_hr  flex_column_table_cell av-equal-height-column av-align-top avia-link-column av-column-link  '    data-link-column-url=\"https:\/\/www.colorfly.eu\/de\/produkte\/graphic-cards-for-industrial-use\/references\/\"   ><a class=\"av-screen-reader-only\" href=https:\/\/www.colorfly.eu\/de\/produkte\/graphic-cards-for-industrial-use\/references\/ >Link zu: Referenzen<\/a><section  class='av_textblock_section av-s5n9-1-2937e92bd76ae53ef6a906c7da485d62 '   itemscope=\"itemscope\" itemtype=\"https:\/\/schema.org\/CreativeWork\" ><div class='avia_textblock'  itemprop=\"text\" ><h4>Referenzen<\/h4>\n<\/div><\/section><\/div><\/div><!--close column table wrapper. Autoclose: 1 -->\n<style type=\"text\/css\" data-created_by=\"avia_inline_auto\" id=\"style-css-av-jlwf0ql9-5-d050feff84da7f43b7f8fe1552b05281\">\n#top .hr.hr-invisible.av-jlwf0ql9-5-d050feff84da7f43b7f8fe1552b05281{\nheight:50px;\n}\n<\/style>\n<div  class='hr av-jlwf0ql9-5-d050feff84da7f43b7f8fe1552b05281 hr-invisible  avia-builder-el-15  el_after_av_one_third  el_before_av_textblock '><span class='hr-inner '><span class=\"hr-inner-style\"><\/span><\/span><\/div>\n<section  class='av_textblock_section av-jpl4nm2h-ec29676fd86c632c8499967b817405d4 '   itemscope=\"itemscope\" itemtype=\"https:\/\/schema.org\/CreativeWork\" ><div class='avia_textblock'  itemprop=\"text\" ><h3>Colorful Technology<\/h3>\n<p>Das Unternehmen Colorful Technology &amp; Development Limited ist in China einer der bekanntesten Akteure im Bereich Digital Interface Equipment und Grafikkarten. Mit mehr als 25 % Marktanteil im chinesischen Distributionsmarkt sind Colorful Grafikkarten sehr beliebt.<\/p>\n<h3>Grafikkarten f\u00fcr die Industrie<\/h3>\n<p>Im Februar 1999 wurde Colorful als neue Marke f\u00fcr die Produktion und Verkauf von Komponenten im lokalen chinesischen Markt geschaffen. Durch das langj\u00e4hrige Engagement in Forschung, Entwicklung, sowie Produktion und Vertrieb von hochwertigen Consumer-Grafikkarten, hat sich Colorful zu einer f\u00fchrenden Marke in der Grafikkartenindustrie in China entwickelt. Neben reinen Consumer-Grafikkarten geh\u00f6ren mittlerweile IPC Grafikkarten f\u00fcr die Industrie zum Angebot.<\/p>\n<h3>Hochwertigen Grafikkarten<\/h3>\n<p>Heute umfasst Colorful die Gesamtheit der Lieferkette von Entwicklung, strategischen Einkauf aus vorgelagerten Unternehmen wie AMD, Intel, NVIDIA und VIA \u00fcber die Produktion bis zur Vermarktung und den Verkauf. Wir kooperieren mit fast 1000 Partnern und Lieferanten in ganz China und unterst\u00fctzen unsere Kunden mit hochwertigen Grafikkarten und Dienstleistungen. Inzwischen ist Colorful weltweit t\u00e4tig.<\/p>\n<p>Zahlreiche <a href=\"https:\/\/www.colorfly.eu\/de\/ueber-colorful-technology\/auszeichnungen\/\">Auszeichnungen<\/a> sprechen f\u00fcr die Qualit\u00e4t der Colorful Grafikkarten.<\/p>\n<\/div><\/section>\n<\/div><\/div><\/div><!-- close content main div --><\/div><\/div><div id='after_section_1'  class='main_color av_default_container_wrap container_wrap sidebar_right'  ><div class='container av-section-cont-open' ><div class='template-page content  av-content-small alpha units'><div class='post-entry post-entry-type-page post-entry-1910'><div class='entry-content-wrapper clearfix'>\n","protected":false},"excerpt":{"rendered":"","protected":false},"author":1,"featured_media":0,"parent":1918,"menu_order":0,"comment_status":"closed","ping_status":"closed","template":"","meta":{"footnotes":""},"class_list":["post-1910","page","type-page","status-publish","hentry"],"aioseo_notices":[],"_links":{"self":[{"href":"https:\/\/www.colorfly.eu\/de\/wp-json\/wp\/v2\/pages\/1910","targetHints":{"allow":["GET"]}}],"collection":[{"href":"https:\/\/www.colorfly.eu\/de\/wp-json\/wp\/v2\/pages"}],"about":[{"href":"https:\/\/www.colorfly.eu\/de\/wp-json\/wp\/v2\/types\/page"}],"author":[{"embeddable":true,"href":"https:\/\/www.colorfly.eu\/de\/wp-json\/wp\/v2\/users\/1"}],"replies":[{"embeddable":true,"href":"https:\/\/www.colorfly.eu\/de\/wp-json\/wp\/v2\/comments?post=1910"}],"version-history":[{"count":8,"href":"https:\/\/www.colorfly.eu\/de\/wp-json\/wp\/v2\/pages\/1910\/revisions"}],"predecessor-version":[{"id":3301,"href":"https:\/\/www.colorfly.eu\/de\/wp-json\/wp\/v2\/pages\/1910\/revisions\/3301"}],"up":[{"embeddable":true,"href":"https:\/\/www.colorfly.eu\/de\/wp-json\/wp\/v2\/pages\/1918"}],"wp:attachment":[{"href":"https:\/\/www.colorfly.eu\/de\/wp-json\/wp\/v2\/media?parent=1910"}],"curies":[{"name":"wp","href":"https:\/\/api.w.org\/{rel}","templated":true}]}}