{"id":1854,"date":"2018-09-14T10:14:08","date_gmt":"2018-09-14T08:14:08","guid":{"rendered":"https:\/\/www.colorfly.eu\/?page_id=1854"},"modified":"2023-09-19T16:49:05","modified_gmt":"2023-09-19T14:49:05","slug":"jobs","status":"publish","type":"page","link":"https:\/\/www.colorfly.eu\/de\/jobs\/","title":{"rendered":"Jobs"},"content":{"rendered":"<div id='full_slider_1'  class='avia-fullwidth-slider main_color avia-shadow   avia-builder-el-0  el_before_av_section  avia-builder-el-first   container_wrap sidebar_right'  ><div  class='avia-slideshow av-av_slideshow_full-e2cb089c224a055ed44c5f8cb58ac2a0 avia-slideshow-no scaling av_slideshow_full avia-slide-slider av-slideshow-ui av-control-default av-slideshow-manual av-loop-once av-loop-manual-endless av-default-height-applied   avia-slideshow-1' data-slideshow-options=\"{&quot;animation&quot;:&quot;slide&quot;,&quot;autoplay&quot;:false,&quot;loop_autoplay&quot;:&quot;once&quot;,&quot;interval&quot;:5,&quot;loop_manual&quot;:&quot;manual-endless&quot;,&quot;autoplay_stopper&quot;:false,&quot;noNavigation&quot;:false,&quot;bg_slider&quot;:false,&quot;keep_padding&quot;:false,&quot;hoverpause&quot;:false,&quot;show_slide_delay&quot;:0}\"  itemprop=\"image\" itemscope=\"itemscope\" itemtype=\"https:\/\/schema.org\/ImageObject\" ><ul class='avia-slideshow-inner ' style='padding-bottom: 23.4375%;'><li  class='avia-slideshow-slide av-av_slideshow_full-e2cb089c224a055ed44c5f8cb58ac2a0__0  av-single-slide slide-1 slide-odd'><div data-rel='slideshow-1' class='avia-slide-wrap '   ><img decoding=\"async\" class=\"wp-image-548 avia-img-lazy-loading-not-548\"  src=\"https:\/\/www.colorfly.eu\/wp-content\/uploads\/2018\/08\/140484200.jpg\" width=\"1920\" height=\"450\" title='140484200' alt=''  itemprop=\"thumbnailUrl\"  style='min-height:120px; min-width:512px; ' srcset=\"https:\/\/www.colorfly.eu\/wp-content\/uploads\/2018\/08\/140484200.jpg 1920w, https:\/\/www.colorfly.eu\/wp-content\/uploads\/2018\/08\/140484200-300x70.jpg 300w, https:\/\/www.colorfly.eu\/wp-content\/uploads\/2018\/08\/140484200-768x180.jpg 768w, https:\/\/www.colorfly.eu\/wp-content\/uploads\/2018\/08\/140484200-1030x241.jpg 1030w, https:\/\/www.colorfly.eu\/wp-content\/uploads\/2018\/08\/140484200-1500x352.jpg 1500w, https:\/\/www.colorfly.eu\/wp-content\/uploads\/2018\/08\/140484200-705x165.jpg 705w, https:\/\/www.colorfly.eu\/wp-content\/uploads\/2018\/08\/140484200-450x105.jpg 450w\" sizes=\"(max-width: 1920px) 100vw, 1920px\" \/><\/div><\/li><\/ul><\/div><\/div>\n<div id='av_section_1'  class='avia-section av-25m79-3e369dca3f81e7ff4721a1d154b79913 main_color avia-section-default avia-no-border-styling  avia-builder-el-1  el_after_av_slideshow_full  el_before_av_textblock  avia-bg-style-scroll container_wrap sidebar_right'  ><div class='container av-section-cont-open' ><div class='template-page content  av-content-small alpha units'><div class='post-entry post-entry-type-page post-entry-1854'><div class='entry-content-wrapper clearfix'>\n\n<style type=\"text\/css\" data-created_by=\"avia_inline_auto\" id=\"style-css-av-19qo5-600cae7598b163920e32f6ad3609ae0a\">\n.flex_column.av-19qo5-600cae7598b163920e32f6ad3609ae0a{\nborder-radius:0px 0px 0px 0px;\npadding:0px 0px 0px 0px;\n}\n<\/style>\n<div  class='flex_column av-19qo5-600cae7598b163920e32f6ad3609ae0a av_one_full  avia-builder-el-2  avia-builder-el-no-sibling  first flex_column_div av-zero-column-padding  '     ><section  class='av_textblock_section av-s5n9-35e78e2ae101133e1596da1c453b4939 '   itemscope=\"itemscope\" itemtype=\"https:\/\/schema.org\/CreativeWork\" ><div class='avia_textblock'  itemprop=\"text\" ><h1>Stellenangebote<\/h1>\n<p><strong>Finden Sie den Job, der zu Ihnen passt und starten Sie Ihre Karriere bei COLORFUL GRP:<\/strong><br \/>\nWir sind eine europ\u00e4ische Niederlassung eines bekannten chinesischen IT Hardware Herstellers. Die Produkte sind u.a. VGA Karten, Motherboards, Speicher (wie SSD) \u201eAll in One\u201c PCs, Geh\u00e4use und Netzteile. Die Funktionen unserer Europa Niederlassung in Hamburg\/Deutschland sind Sales-Marketing und Marktentwicklung. Weitere Informationen \u00fcber unsere Produkte und zur Unternehmensgruppe erhalten Sie auf unserer Website.<\/p>\n<h3>Industrie Verk\u00e4ufer\/in<\/h3>\n<p><em>Vollzeit \/ Sofort<\/em><\/p>\n<p>Titel des Stellenangebots:<br \/>\nMitarbeiter Technischer Vertrieb (m\/w)<\/p>\n<p>Hauptberuf:<br \/>\nIndustrie Verkauf (m\/w) \/ Account-Manager\/in<\/p>\n<p>Alternativberufe:<br \/>\nIT Hardware -Vertriebsbeauftragter\/IT Hardware -Vertriebsbeauftragte, Technische Marketing<\/p>\n<p>Karriere M\u00f6glichkeit:<br \/>\nzu verantwortliche Position der Niederlassung von Hersteller.<\/p>\n<p>Wir suchen zum n\u00e4chstm\u00f6glichen Zeitpunkt Mitarbeiter f\u00fcr Technischen Vertrieb (m\/w) unserer IPC ( Industrie PC ) Graphikkarten in Vollzeit.<\/p>\n<p><strong>Ihre Aufgaben:<\/strong><\/p>\n<ul>\n<li>Technische Kundenberatung (unsere Kunden sind Industrie-PC-Anbieter)<\/li>\n<li>Kundengewinnung<\/li>\n<li>Umsatzentwicklung<\/li>\n<\/ul>\n<p><strong>Unsere Anforderungen:<\/strong><\/p>\n<ul>\n<li>Gute Kenntnisse \u00fcber Computer, Hardware, EDV und Informatik<\/li>\n<li>Verhandlungssichere Englischkenntnisse<\/li>\n<li>Sehr gute Deutschkenntnisse in Wort und Schrift<\/li>\n<li>Selbstst\u00e4ndige Arbeitsweise, Selbstlernf\u00e4higkeit und Verantwortungsbewusstsein<\/li>\n<li>Hohe Flexibilit\u00e4t, Teamf\u00e4higkeit, Einsatzbereitschaft und Eigeninitiative<\/li>\n<li>Kundenorientiertes Auftreten und Handeln<\/li>\n<li>F\u00fchrerschein Klasse B w\u00fcnschenswert<\/li>\n<\/ul>\n<p>Aufstiegsm\u00f6glichkeiten f\u00fcr die verantwortliche Position<\/p>\n<p><strong>Interesse?<\/strong><\/p>\n<p>Senden Sie bitte Ihre Bewerbung an <a href=\"mailto:ywu@colorful-europe.de\">ywu@colorful-europe.de<\/a><\/p>\n<\/div><\/section><\/div>\n<\/div><\/div><\/div><!-- close content main div --><\/div><\/div><div id='after_section_1'  class='main_color av_default_container_wrap container_wrap sidebar_right'  ><div class='container av-section-cont-open' ><div class='template-page content  av-content-small alpha units'><div class='post-entry post-entry-type-page post-entry-1854'><div class='entry-content-wrapper clearfix'>\n<section  class='av_textblock_section av-1zuufi-1844c8b4556cf35052e7e40d50b4ccba '   itemscope=\"itemscope\" itemtype=\"https:\/\/schema.org\/CreativeWork\" ><div class='avia_textblock'  itemprop=\"text\" ><\/div><\/section>\n","protected":false},"excerpt":{"rendered":"","protected":false},"author":1,"featured_media":0,"parent":0,"menu_order":0,"comment_status":"closed","ping_status":"closed","template":"","meta":{"footnotes":""},"class_list":["post-1854","page","type-page","status-publish","hentry"],"aioseo_notices":[],"_links":{"self":[{"href":"https:\/\/www.colorfly.eu\/de\/wp-json\/wp\/v2\/pages\/1854","targetHints":{"allow":["GET"]}}],"collection":[{"href":"https:\/\/www.colorfly.eu\/de\/wp-json\/wp\/v2\/pages"}],"about":[{"href":"https:\/\/www.colorfly.eu\/de\/wp-json\/wp\/v2\/types\/page"}],"author":[{"embeddable":true,"href":"https:\/\/www.colorfly.eu\/de\/wp-json\/wp\/v2\/users\/1"}],"replies":[{"embeddable":true,"href":"https:\/\/www.colorfly.eu\/de\/wp-json\/wp\/v2\/comments?post=1854"}],"version-history":[{"count":4,"href":"https:\/\/www.colorfly.eu\/de\/wp-json\/wp\/v2\/pages\/1854\/revisions"}],"predecessor-version":[{"id":3211,"href":"https:\/\/www.colorfly.eu\/de\/wp-json\/wp\/v2\/pages\/1854\/revisions\/3211"}],"wp:attachment":[{"href":"https:\/\/www.colorfly.eu\/de\/wp-json\/wp\/v2\/media?parent=1854"}],"curies":[{"name":"wp","href":"https:\/\/api.w.org\/{rel}","templated":true}]}}